{"id":4224,"date":"2023-11-26T14:08:13","date_gmt":"2023-11-26T14:08:13","guid":{"rendered":"https:\/\/alexanderweiskopf.com\/termos-de-uso\/"},"modified":"2024-08-22T12:42:00","modified_gmt":"2024-08-22T12:42:00","slug":"termos-de-uso","status":"publish","type":"page","link":"https:\/\/alexanderweiskopf.com\/pt-br\/termos-de-uso\/","title":{"rendered":"Termos de Uso"},"content":{"rendered":"\t\t<div data-elementor-type=\"wp-page\" data-elementor-id=\"4224\" class=\"elementor elementor-4224 elementor-1970\">\n\t\t\t\t<div class=\"elementor-element elementor-element-8eea2a5 e-flex e-con-boxed e-con e-parent\" data-id=\"8eea2a5\" data-element_type=\"container\" data-e-type=\"container\">\n\t\t\t\t\t<div class=\"e-con-inner\">\n\t\t\t\t<div class=\"elementor-element elementor-element-6258d21 elementor-widget elementor-widget-heading\" data-id=\"6258d21\" data-element_type=\"widget\" data-e-type=\"widget\" data-widget_type=\"heading.default\">\n\t\t\t\t<div class=\"elementor-widget-container\">\n\t\t\t\t\t<h2 class=\"elementor-heading-title elementor-size-default\">Termos de Uso<\/h2>\t\t\t\t<\/div>\n\t\t\t\t<\/div>\n\t\t\t\t<div class=\"elementor-element elementor-element-9161c5b elementor-widget elementor-widget-text-editor\" data-id=\"9161c5b\" data-element_type=\"widget\" data-e-type=\"widget\" data-widget_type=\"text-editor.default\">\n\t\t\t\t<div class=\"elementor-widget-container\">\n\t\t\t\t\t\t\t\t\t<p style=\"font-weight: 400;\">Alexander Weiskopf<\/p>\n<p style=\"font-weight: 400;\">Karl Hofmann-Stra\u00dfe 5<\/p>\n<p style=\"font-weight: 400;\">A-9900 Lienz<\/p>\n<p style=\"font-weight: 400;\">Telefone: +43 664 1643850 <\/p>\n<p style=\"font-weight: 400;\">E-Mail: hello@alexanderweiskopf.com<\/p>\n\t\t\t\t\t\t\t\t<\/div>\n\t\t\t\t<\/div>\n\t\t\t\t<div class=\"elementor-element elementor-element-d0c6abc elementor-widget elementor-widget-heading\" data-id=\"d0c6abc\" data-element_type=\"widget\" data-e-type=\"widget\" data-widget_type=\"heading.default\">\n\t\t\t\t<div class=\"elementor-widget-container\">\n\t\t\t\t\t<h3 class=\"elementor-heading-title elementor-size-default\">Limita\u00e7\u00e3o de responsabilidade por conte\u00fado pr\u00f3prio<\/h3>\t\t\t\t<\/div>\n\t\t\t\t<\/div>\n\t\t\t\t<div class=\"elementor-element elementor-element-0f9ba5d elementor-widget elementor-widget-text-editor\" data-id=\"0f9ba5d\" data-element_type=\"widget\" data-e-type=\"widget\" data-widget_type=\"text-editor.default\">\n\t\t\t\t<div class=\"elementor-widget-container\">\n\t\t\t\t\t\t\t\t\t<p style=\"font-weight: 400;\">Todo o conte\u00fado de meu site foi criado com cuidado e com o melhor de meu conhecimento. Entretanto, n\u00e3o \u00e9 poss\u00edvel garantir a atualidade, a integridade e a corre\u00e7\u00e3o de todas as p\u00e1ginas. De acordo com o \u00a7 7 para. 1 TMG, sou respons\u00e1vel, como prestador de servi\u00e7os, por meu pr\u00f3prio conte\u00fado nessas p\u00e1ginas, de acordo com as leis gerais, mas, de acordo com os \u00a7\u00a7 8 a 10 TMG, n\u00e3o sou obrigado a monitorar as informa\u00e7\u00f5es transmitidas ou armazenadas de terceiros. Esse conte\u00fado ser\u00e1 removido imediatamente a partir do momento em que eu tomar conhecimento de uma infra\u00e7\u00e3o espec\u00edfica e n\u00e3o serei respons\u00e1vel antes do momento em que tomar conhecimento dela.<\/p>\n\t\t\t\t\t\t\t\t<\/div>\n\t\t\t\t<\/div>\n\t\t\t\t<div class=\"elementor-element elementor-element-8baca58 elementor-widget elementor-widget-heading\" data-id=\"8baca58\" data-element_type=\"widget\" data-e-type=\"widget\" data-widget_type=\"heading.default\">\n\t\t\t\t<div class=\"elementor-widget-container\">\n\t\t\t\t\t<h3 class=\"elementor-heading-title elementor-size-default\">Limita\u00e7\u00e3o de responsabilidade por links externos<\/h3>\t\t\t\t<\/div>\n\t\t\t\t<\/div>\n\t\t\t\t<div class=\"elementor-element elementor-element-c93c370 elementor-widget elementor-widget-text-editor\" data-id=\"c93c370\" data-element_type=\"widget\" data-e-type=\"widget\" data-widget_type=\"text-editor.default\">\n\t\t\t\t<div class=\"elementor-widget-container\">\n\t\t\t\t\t\t\t\t\t<p style=\"font-weight: 400;\">Meu site cont\u00e9m os chamados &#8220;links externos&#8221; (links para sites de terceiros), sobre cujo conte\u00fado n\u00e3o tenho influ\u00eancia e pelos quais, portanto, n\u00e3o me responsabilizo. O respectivo provedor de informa\u00e7\u00f5es do site vinculado \u00e9 respons\u00e1vel pelo conte\u00fado e pela precis\u00e3o das informa\u00e7\u00f5es. Quando os links foram criados, eu n\u00e3o tinha conhecimento de nenhuma viola\u00e7\u00e3o legal. Se eu tomar conhecimento de uma infra\u00e7\u00e3o, removerei o respectivo link imediatamente.<\/p>\n\t\t\t\t\t\t\t\t<\/div>\n\t\t\t\t<\/div>\n\t\t\t\t<div class=\"elementor-element elementor-element-946deff elementor-widget elementor-widget-heading\" data-id=\"946deff\" data-element_type=\"widget\" data-e-type=\"widget\" data-widget_type=\"heading.default\">\n\t\t\t\t<div class=\"elementor-widget-container\">\n\t\t\t\t\t<h3 class=\"elementor-heading-title elementor-size-default\">Copyright<\/h3>\t\t\t\t<\/div>\n\t\t\t\t<\/div>\n\t\t\t\t<div class=\"elementor-element elementor-element-b111ce0 elementor-widget elementor-widget-text-editor\" data-id=\"b111ce0\" data-element_type=\"widget\" data-e-type=\"widget\" data-widget_type=\"text-editor.default\">\n\t\t\t\t<div class=\"elementor-widget-container\">\n\t\t\t\t\t\t\t\t\t<p style=\"font-weight: 400;\">O conte\u00fado e os trabalhos publicados neste site est\u00e3o sujeitos \u00e0 lei austr\u00edaca de direitos autorais. Qualquer duplica\u00e7\u00e3o, processamento, distribui\u00e7\u00e3o ou qualquer forma de utiliza\u00e7\u00e3o al\u00e9m do escopo da lei de direitos autorais exigir\u00e1 o consentimento pr\u00e9vio por escrito do autor ou autores em quest\u00e3o.<\/p>\n\t\t\t\t\t\t\t\t<\/div>\n\t\t\t\t<\/div>\n\t\t\t\t<div class=\"elementor-element elementor-element-18b05d7 elementor-widget elementor-widget-heading\" data-id=\"18b05d7\" data-element_type=\"widget\" data-e-type=\"widget\" data-widget_type=\"heading.default\">\n\t\t\t\t<div class=\"elementor-widget-container\">\n\t\t\t\t\t<h3 class=\"elementor-heading-title elementor-size-default\">Prote\u00e7\u00e3o de dados<\/h3>\t\t\t\t<\/div>\n\t\t\t\t<\/div>\n\t\t\t\t<div class=\"elementor-element elementor-element-4a46e9a elementor-widget elementor-widget-text-editor\" data-id=\"4a46e9a\" data-element_type=\"widget\" data-e-type=\"widget\" data-widget_type=\"text-editor.default\">\n\t\t\t\t<div class=\"elementor-widget-container\">\n\t\t\t\t\t\t\t\t\t<p style=\"font-weight: 400;\">Quando voc\u00ea visita meu site, as informa\u00e7\u00f5es sobre o acesso (data, hora, p\u00e1gina acessada) podem ser armazenadas no servidor. Isso n\u00e3o constitui uma avalia\u00e7\u00e3o de dados pessoais (por exemplo, nome, endere\u00e7o ou endere\u00e7o de e-mail). Se dados pessoais forem coletados, isso s\u00f3 ser\u00e1 feito, sempre que poss\u00edvel, com o consentimento pr\u00e9vio do usu\u00e1rio do site. Os dados n\u00e3o ser\u00e3o encaminhados a terceiros sem o consentimento expresso do usu\u00e1rio. Ressalto expressamente que a transmiss\u00e3o de dados na Internet (por exemplo, por e-mail) pode ter falhas de seguran\u00e7a. A prote\u00e7\u00e3o completa dos dados contra o acesso de terceiros n\u00e3o pode ser garantida. N\u00e3o posso aceitar qualquer responsabilidade por danos resultantes de tais falhas de seguran\u00e7a. O uso de dados de contato publicados por terceiros para fins de publicidade \u00e9 expressamente proibido. Reservo-me o direito de tomar medidas legais no caso de envio n\u00e3o solicitado de informa\u00e7\u00f5es publicit\u00e1rias, por exemplo, por meio de e-mails de spam.<\/p>\n\t\t\t\t\t\t\t\t<\/div>\n\t\t\t\t<\/div>\n\t\t\t\t<div class=\"elementor-element elementor-element-12df3dc elementor-widget elementor-widget-heading\" data-id=\"12df3dc\" data-element_type=\"widget\" data-e-type=\"widget\" data-widget_type=\"heading.default\">\n\t\t\t\t<div class=\"elementor-widget-container\">\n\t\t\t\t\t<h3 class=\"elementor-heading-title elementor-size-default\">Cookies<\/h3>\t\t\t\t<\/div>\n\t\t\t\t<\/div>\n\t\t\t\t<div class=\"elementor-element elementor-element-e7956b9 elementor-widget elementor-widget-text-editor\" data-id=\"e7956b9\" data-element_type=\"widget\" data-e-type=\"widget\" data-widget_type=\"text-editor.default\">\n\t\t\t\t<div class=\"elementor-widget-container\">\n\t\t\t\t\t\t\t\t\t<p style=\"font-weight: 400;\">Este site usa os chamados cookies. Cookies s\u00e3o arquivos de texto que me permitem tornar sua visita ao meu site mais conveniente. Meu site usa principalmente &#8220;cookies de sess\u00e3o&#8221;, que n\u00e3o s\u00e3o armazenados em seu disco r\u00edgido e s\u00e3o exclu\u00eddos quando voc\u00ea fecha o navegador ou ap\u00f3s um longo per\u00edodo de inatividade. Voc\u00ea pode visualizar e excluir os cookies armazenados no seu computador e controlar o manuseio de cookies em geral por meio das configura\u00e7\u00f5es do seu navegador da Internet.<\/p>\n\t\t\t\t\t\t\t\t<\/div>\n\t\t\t\t<\/div>\n\t\t\t\t<div class=\"elementor-element elementor-element-0527246 elementor-widget elementor-widget-heading\" data-id=\"0527246\" data-element_type=\"widget\" data-e-type=\"widget\" data-widget_type=\"heading.default\">\n\t\t\t\t<div class=\"elementor-widget-container\">\n\t\t\t\t\t<h3 class=\"elementor-heading-title elementor-size-default\">Google Analytics<\/h3>\t\t\t\t<\/div>\n\t\t\t\t<\/div>\n\t\t\t\t<div class=\"elementor-element elementor-element-8473804 elementor-widget elementor-widget-text-editor\" data-id=\"8473804\" data-element_type=\"widget\" data-e-type=\"widget\" data-widget_type=\"text-editor.default\">\n\t\t\t\t<div class=\"elementor-widget-container\">\n\t\t\t\t\t\t\t\t\t<p style=\"font-weight: 400;\">Este site usa o Google Analytics, um servi\u00e7o de an\u00e1lise da Web fornecido pelo Google Inc (&#8220;Google&#8221;) &#8211; consulte a pol\u00edtica de privacidade detalhada. O Google Analytics tamb\u00e9m usa cookies, que s\u00e3o arquivos de texto colocados no seu computador, para ajudar o site a analisar como os usu\u00e1rios usam o site. As informa\u00e7\u00f5es registradas pelo cookie sobre seu uso deste site (incluindo seu endere\u00e7o IP) s\u00e3o transmitidas para um servidor do Google nos EUA e armazenadas l\u00e1. O Google usar\u00e1 essas informa\u00e7\u00f5es com a finalidade de avaliar seu uso do site, compilar relat\u00f3rios sobre a atividade do site para os operadores do site e fornecer outros servi\u00e7os relacionados \u00e0 atividade do site e ao uso da Internet. O Google tamb\u00e9m poder\u00e1 transferir essas informa\u00e7\u00f5es a terceiros quando exigido por lei ou quando esses terceiros processarem as informa\u00e7\u00f5es em nome do Google. Seu endere\u00e7o IP \u00e9 armazenado apenas de forma an\u00f4nima, de modo que n\u00e3o possa ser associado a outros dados do Google.<\/p>\n<p style=\"font-weight: 400;\">Ao usar este site, o usu\u00e1rio consente com o processamento de dados sobre ele pelo Google da maneira e para os fins descritos acima. Se necess\u00e1rio, voc\u00ea pode bloquear a instala\u00e7\u00e3o de cookies conforme mencionado em &#8220;Cookies&#8221; ou, opcionalmente, instalar uma ferramenta em seu navegador da Web para bloquear o acesso geral do Google Analytics.<\/p>\n<p style=\"font-weight: 400;\">O Google Analytics tamb\u00e9m \u00e9 usado para analisar dados do AdWords para fins estat\u00edsticos. Isso pode ser desativado por meio do Gerenciador de prefer\u00eancias de an\u00fancios.<\/p>\n\t\t\t\t\t\t\t\t<\/div>\n\t\t\t\t<\/div>\n\t\t\t\t\t<\/div>\n\t\t\t\t<\/div>\n\t\t\t\t<\/div>\n\t\t","protected":false},"excerpt":{"rendered":"<p>Termos de Uso Alexander Weiskopf Karl Hofmann-Stra\u00dfe 5 A-9900 Lienz Telefone: +43 664 1643850 E-Mail: hello@alexanderweiskopf.com Limita\u00e7\u00e3o de responsabilidade por conte\u00fado pr\u00f3prio Todo o conte\u00fado de meu site foi criado com cuidado e com o melhor de meu conhecimento. Entretanto, n\u00e3o \u00e9 poss\u00edvel garantir a atualidade, a integridade e a corre\u00e7\u00e3o de todas as p\u00e1ginas. [&hellip;]<\/p>\n","protected":false},"author":2,"featured_media":0,"parent":0,"menu_order":0,"comment_status":"closed","ping_status":"closed","template":"","meta":{"om_disable_all_campaigns":false,"_uag_custom_page_level_css":"","site-sidebar-layout":"no-sidebar","site-content-layout":"page-builder","ast-site-content-layout":"full-width-container","site-content-style":"default","site-sidebar-style":"default","ast-global-header-display":"","ast-banner-title-visibility":"","ast-main-header-display":"","ast-hfb-above-header-display":"","ast-hfb-below-header-display":"","ast-hfb-mobile-header-display":"","site-post-title":"disabled","ast-breadcrumbs-content":"","ast-featured-img":"disabled","footer-sml-layout":"","ast-disable-related-posts":"","theme-transparent-header-meta":"","adv-header-id-meta":"","stick-header-meta":"","header-above-stick-meta":"","header-main-stick-meta":"","header-below-stick-meta":"","astra-migrate-meta-layouts":"default","ast-page-background-enabled":"default","ast-page-background-meta":{"desktop":{"background-color":"","background-image":"","background-repeat":"repeat","background-position":"center center","background-size":"auto","background-attachment":"scroll","background-type":"","background-media":"","overlay-type":"","overlay-color":"","overlay-opacity":"","overlay-gradient":""},"tablet":{"background-color":"","background-image":"","background-repeat":"repeat","background-position":"center center","background-size":"auto","background-attachment":"scroll","background-type":"","background-media":"","overlay-type":"","overlay-color":"","overlay-opacity":"","overlay-gradient":""},"mobile":{"background-color":"","background-image":"","background-repeat":"repeat","background-position":"center center","background-size":"auto","background-attachment":"scroll","background-type":"","background-media":"","overlay-type":"","overlay-color":"","overlay-opacity":"","overlay-gradient":""}},"ast-content-background-meta":{"desktop":{"background-color":"var(--ast-global-color-5)","background-image":"","background-repeat":"repeat","background-position":"center center","background-size":"auto","background-attachment":"scroll","background-type":"","background-media":"","overlay-type":"","overlay-color":"","overlay-opacity":"","overlay-gradient":""},"tablet":{"background-color":"var(--ast-global-color-5)","background-image":"","background-repeat":"repeat","background-position":"center center","background-size":"auto","background-attachment":"scroll","background-type":"","background-media":"","overlay-type":"","overlay-color":"","overlay-opacity":"","overlay-gradient":""},"mobile":{"background-color":"var(--ast-global-color-5)","background-image":"","background-repeat":"repeat","background-position":"center center","background-size":"auto","background-attachment":"scroll","background-type":"","background-media":"","overlay-type":"","overlay-color":"","overlay-opacity":"","overlay-gradient":""}},"footnotes":""},"class_list":["post-4224","page","type-page","status-publish","hentry"],"uagb_featured_image_src":{"full":false,"thumbnail":false,"medium":false,"medium_large":false,"large":false,"1536x1536":false,"2048x2048":false},"uagb_author_info":{"display_name":"alexander","author_link":"https:\/\/alexanderweiskopf.com\/pt-br\/author\/alexander\/"},"uagb_comment_info":0,"uagb_excerpt":"Termos de Uso Alexander Weiskopf Karl Hofmann-Stra\u00dfe 5 A-9900 Lienz Telefone: +43 664 1643850 E-Mail: hello@alexanderweiskopf.com Limita\u00e7\u00e3o de responsabilidade por conte\u00fado pr\u00f3prio Todo o conte\u00fado de meu site foi criado com cuidado e com o melhor de meu conhecimento. Entretanto, n\u00e3o \u00e9 poss\u00edvel garantir a atualidade, a integridade e a corre\u00e7\u00e3o de todas as p\u00e1ginas.&hellip;","_links":{"self":[{"href":"https:\/\/alexanderweiskopf.com\/pt-br\/wp-json\/wp\/v2\/pages\/4224","targetHints":{"allow":["GET"]}}],"collection":[{"href":"https:\/\/alexanderweiskopf.com\/pt-br\/wp-json\/wp\/v2\/pages"}],"about":[{"href":"https:\/\/alexanderweiskopf.com\/pt-br\/wp-json\/wp\/v2\/types\/page"}],"author":[{"embeddable":true,"href":"https:\/\/alexanderweiskopf.com\/pt-br\/wp-json\/wp\/v2\/users\/2"}],"replies":[{"embeddable":true,"href":"https:\/\/alexanderweiskopf.com\/pt-br\/wp-json\/wp\/v2\/comments?post=4224"}],"version-history":[{"count":0,"href":"https:\/\/alexanderweiskopf.com\/pt-br\/wp-json\/wp\/v2\/pages\/4224\/revisions"}],"wp:attachment":[{"href":"https:\/\/alexanderweiskopf.com\/pt-br\/wp-json\/wp\/v2\/media?parent=4224"}],"curies":[{"name":"wp","href":"https:\/\/api.w.org\/{rel}","templated":true}]}}