{"id":4222,"date":"2023-11-26T14:08:13","date_gmt":"2023-11-26T14:08:13","guid":{"rendered":"https:\/\/alexanderweiskopf.com\/impressum\/"},"modified":"2024-08-22T12:42:00","modified_gmt":"2024-08-22T12:42:00","slug":"impressum","status":"publish","type":"page","link":"https:\/\/alexanderweiskopf.com\/it\/impressum\/","title":{"rendered":"Nota legale"},"content":{"rendered":"\t\t<div data-elementor-type=\"wp-page\" data-elementor-id=\"4222\" class=\"elementor elementor-4222 elementor-1970\">\n\t\t\t\t<div class=\"elementor-element elementor-element-8eea2a5 e-flex e-con-boxed e-con e-parent\" data-id=\"8eea2a5\" data-element_type=\"container\" data-e-type=\"container\">\n\t\t\t\t\t<div class=\"e-con-inner\">\n\t\t\t\t<div class=\"elementor-element elementor-element-6258d21 elementor-widget elementor-widget-heading\" data-id=\"6258d21\" data-element_type=\"widget\" data-e-type=\"widget\" data-widget_type=\"heading.default\">\n\t\t\t\t<div class=\"elementor-widget-container\">\n\t\t\t\t\t<h2 class=\"elementor-heading-title elementor-size-default\">Nota legale<\/h2>\t\t\t\t<\/div>\n\t\t\t\t<\/div>\n\t\t\t\t<div class=\"elementor-element elementor-element-9161c5b elementor-widget elementor-widget-text-editor\" data-id=\"9161c5b\" data-element_type=\"widget\" data-e-type=\"widget\" data-widget_type=\"text-editor.default\">\n\t\t\t\t<div class=\"elementor-widget-container\">\n\t\t\t\t\t\t\t\t\t<p style=\"font-weight: 400;\">Alexander Weiskopf<\/p>\n<p style=\"font-weight: 400;\">Karl Hofmann-Stra\u00dfe 5<\/p>\n<p style=\"font-weight: 400;\">A-9900 Lienz<\/p>\n<p style=\"font-weight: 400;\">Telefono: +43 664 1643850 <\/p>\n<p style=\"font-weight: 400;\">E-mail: hello@alexanderweiskopf.com<\/p>\n\t\t\t\t\t\t\t\t<\/div>\n\t\t\t\t<\/div>\n\t\t\t\t<div class=\"elementor-element elementor-element-d0c6abc elementor-widget elementor-widget-heading\" data-id=\"d0c6abc\" data-element_type=\"widget\" data-e-type=\"widget\" data-widget_type=\"heading.default\">\n\t\t\t\t<div class=\"elementor-widget-container\">\n\t\t\t\t\t<h3 class=\"elementor-heading-title elementor-size-default\">Limitazione di responsabilit\u00e0 per i propri contenuti<\/h3>\t\t\t\t<\/div>\n\t\t\t\t<\/div>\n\t\t\t\t<div class=\"elementor-element elementor-element-0f9ba5d elementor-widget elementor-widget-text-editor\" data-id=\"0f9ba5d\" data-element_type=\"widget\" data-e-type=\"widget\" data-widget_type=\"text-editor.default\">\n\t\t\t\t<div class=\"elementor-widget-container\">\n\t\t\t\t\t\t\t\t\t<p style=\"font-weight: 400;\">Tutti i contenuti del mio sito web sono stati creati con cura e al meglio delle mie conoscenze. Tuttavia, non \u00e8 possibile garantire l&#8217;attualit\u00e0, la completezza e la correttezza di tutte le pagine. Ai sensi del \u00a7 7 para. 1 TMG, in qualit\u00e0 di fornitore di servizi sono responsabile dei miei contenuti su queste pagine in base alle leggi generali, ma in base ai \u00a7\u00a7 8-10 TMG non sono obbligato a monitorare le informazioni trasmesse o memorizzate da terzi. Questi contenuti saranno rimossi immediatamente dal momento in cui verr\u00f2 a conoscenza di una specifica violazione e non sono responsabile prima del momento in cui ne verr\u00f2 a conoscenza.<\/p>\n\t\t\t\t\t\t\t\t<\/div>\n\t\t\t\t<\/div>\n\t\t\t\t<div class=\"elementor-element elementor-element-8baca58 elementor-widget elementor-widget-heading\" data-id=\"8baca58\" data-element_type=\"widget\" data-e-type=\"widget\" data-widget_type=\"heading.default\">\n\t\t\t\t<div class=\"elementor-widget-container\">\n\t\t\t\t\t<h3 class=\"elementor-heading-title elementor-size-default\">Limitazione di responsabilit\u00e0 per i link esterni<\/h3>\t\t\t\t<\/div>\n\t\t\t\t<\/div>\n\t\t\t\t<div class=\"elementor-element elementor-element-c93c370 elementor-widget elementor-widget-text-editor\" data-id=\"c93c370\" data-element_type=\"widget\" data-e-type=\"widget\" data-widget_type=\"text-editor.default\">\n\t\t\t\t<div class=\"elementor-widget-container\">\n\t\t\t\t\t\t\t\t\t<p style=\"font-weight: 400;\">Il mio sito web contiene i cosiddetti &#8220;link esterni&#8221; (link a siti web di terzi), sui cui contenuti non ho alcuna influenza e per i quali non mi assumo pertanto alcuna responsabilit\u00e0. Il rispettivo fornitore di informazioni del sito web collegato \u00e8 responsabile del contenuto e dell&#8217;accuratezza delle informazioni. Quando i link sono stati creati, non ero a conoscenza di alcuna violazione legale. Se dovessi venire a conoscenza di una violazione, rimuover\u00f2 immediatamente il relativo link.<\/p>\n\t\t\t\t\t\t\t\t<\/div>\n\t\t\t\t<\/div>\n\t\t\t\t<div class=\"elementor-element elementor-element-946deff elementor-widget elementor-widget-heading\" data-id=\"946deff\" data-element_type=\"widget\" data-e-type=\"widget\" data-widget_type=\"heading.default\">\n\t\t\t\t<div class=\"elementor-widget-container\">\n\t\t\t\t\t<h3 class=\"elementor-heading-title elementor-size-default\">Copyright<\/h3>\t\t\t\t<\/div>\n\t\t\t\t<\/div>\n\t\t\t\t<div class=\"elementor-element elementor-element-b111ce0 elementor-widget elementor-widget-text-editor\" data-id=\"b111ce0\" data-element_type=\"widget\" data-e-type=\"widget\" data-widget_type=\"text-editor.default\">\n\t\t\t\t<div class=\"elementor-widget-container\">\n\t\t\t\t\t\t\t\t\t<p style=\"font-weight: 400;\">I contenuti e le opere pubblicati su questo sito sono soggetti alla legge austriaca sul diritto d&#8217;autore. La duplicazione, l&#8217;elaborazione, la distribuzione o qualsiasi altra forma di utilizzo che esuli dall&#8217;ambito di applicazione della legge sul diritto d&#8217;autore richiede il previo consenso scritto dell&#8217;autore o degli autori in questione.<\/p>\n\t\t\t\t\t\t\t\t<\/div>\n\t\t\t\t<\/div>\n\t\t\t\t<div class=\"elementor-element elementor-element-18b05d7 elementor-widget elementor-widget-heading\" data-id=\"18b05d7\" data-element_type=\"widget\" data-e-type=\"widget\" data-widget_type=\"heading.default\">\n\t\t\t\t<div class=\"elementor-widget-container\">\n\t\t\t\t\t<h3 class=\"elementor-heading-title elementor-size-default\">Protezione dei dati<\/h3>\t\t\t\t<\/div>\n\t\t\t\t<\/div>\n\t\t\t\t<div class=\"elementor-element elementor-element-4a46e9a elementor-widget elementor-widget-text-editor\" data-id=\"4a46e9a\" data-element_type=\"widget\" data-e-type=\"widget\" data-widget_type=\"text-editor.default\">\n\t\t\t\t<div class=\"elementor-widget-container\">\n\t\t\t\t\t\t\t\t\t<p style=\"font-weight: 400;\">Quando visitate il mio sito web, le informazioni sull&#8217;accesso (data, ora, pagina visitata) possono essere memorizzate sul server. Ci\u00f2 non costituisce una valutazione dei dati personali (ad es. nome, indirizzo o indirizzo e-mail). Se vengono raccolti dati personali, ci\u00f2 avviene &#8211; ove possibile &#8211; solo con il previo consenso dell&#8217;utente del sito web. I dati non saranno trasmessi a terzi senza il consenso esplicito dell&#8217;utente. Faccio espressamente notare che la trasmissione di dati su Internet (ad esempio via e-mail) pu\u00f2 presentare lacune di sicurezza. Non \u00e8 possibile garantire una protezione completa dei dati dall&#8217;accesso di terzi. Non mi assumo alcuna responsabilit\u00e0 per i danni derivanti da tali lacune di sicurezza. L&#8217;utilizzo dei dati di contatto pubblicati da parte di terzi a scopo pubblicitario \u00e8 espressamente vietato. Mi riservo il diritto di intraprendere azioni legali in caso di invio non richiesto di informazioni pubblicitarie, ad esempio tramite e-mail di spam.<\/p>\n\t\t\t\t\t\t\t\t<\/div>\n\t\t\t\t<\/div>\n\t\t\t\t<div class=\"elementor-element elementor-element-12df3dc elementor-widget elementor-widget-heading\" data-id=\"12df3dc\" data-element_type=\"widget\" data-e-type=\"widget\" data-widget_type=\"heading.default\">\n\t\t\t\t<div class=\"elementor-widget-container\">\n\t\t\t\t\t<h3 class=\"elementor-heading-title elementor-size-default\">Cookies<\/h3>\t\t\t\t<\/div>\n\t\t\t\t<\/div>\n\t\t\t\t<div class=\"elementor-element elementor-element-e7956b9 elementor-widget elementor-widget-text-editor\" data-id=\"e7956b9\" data-element_type=\"widget\" data-e-type=\"widget\" data-widget_type=\"text-editor.default\">\n\t\t\t\t<div class=\"elementor-widget-container\">\n\t\t\t\t\t\t\t\t\t<p style=\"font-weight: 400;\">Questo sito web utilizza i cosiddetti cookie. I cookie sono file di testo che mi permettono di rendere pi\u00f9 comoda la vostra visita al mio sito web. Il mio sito web utilizza principalmente &#8220;cookie di sessione&#8221;, che non vengono memorizzati sul disco rigido dell&#8217;utente e vengono cancellati alla chiusura del browser o dopo un lungo periodo di inattivit\u00e0. \u00c8 possibile visualizzare e cancellare i cookie memorizzati sul proprio computer e controllare la gestione dei cookie in generale tramite le impostazioni del proprio browser Internet.<\/p>\n\t\t\t\t\t\t\t\t<\/div>\n\t\t\t\t<\/div>\n\t\t\t\t<div class=\"elementor-element elementor-element-0527246 elementor-widget elementor-widget-heading\" data-id=\"0527246\" data-element_type=\"widget\" data-e-type=\"widget\" data-widget_type=\"heading.default\">\n\t\t\t\t<div class=\"elementor-widget-container\">\n\t\t\t\t\t<h3 class=\"elementor-heading-title elementor-size-default\">Google Analytics<\/h3>\t\t\t\t<\/div>\n\t\t\t\t<\/div>\n\t\t\t\t<div class=\"elementor-element elementor-element-8473804 elementor-widget elementor-widget-text-editor\" data-id=\"8473804\" data-element_type=\"widget\" data-e-type=\"widget\" data-widget_type=\"text-editor.default\">\n\t\t\t\t<div class=\"elementor-widget-container\">\n\t\t\t\t\t\t\t\t\t<p style=\"font-weight: 400;\">Questo sito web utilizza Google Analytics, un servizio di analisi web fornito da Google Inc (&#8220;Google&#8221;) &#8211; si veda l&#8217;informativa dettagliata sulla privacy. Anche Google Analytics utilizza dei cookie, che sono file di testo che vengono depositati sul vostro computer per consentire al sito web di analizzare come gli utenti utilizzano il sito. Le informazioni registrate dal cookie sull&#8217;utilizzo di questo sito web da parte dell&#8217;utente (compreso il suo indirizzo IP) vengono trasmesse a un server di Google negli Stati Uniti e l\u00ec memorizzate. Google utilizzer\u00e0 queste informazioni per valutare l&#8217;utilizzo del sito web da parte dell&#8217;utente, per compilare report sulle attivit\u00e0 del sito web per gli operatori del sito e per fornire altri servizi relativi alle attivit\u00e0 del sito web e all&#8217;utilizzo di Internet. Google pu\u00f2 anche trasferire queste informazioni a terzi, se ci\u00f2 \u00e8 richiesto dalla legge o se tali terzi elaborano le informazioni per conto di Google. Il vostro indirizzo IP viene memorizzato solo in forma anonima, in modo che non possa essere associato ad altri dati di Google.<\/p>\n<p style=\"font-weight: 400;\">Utilizzando il presente sito web, acconsentite al trattamento dei vostri dati da parte di Google per le modalit\u00e0 e i fini sopraindicati. Se necessario, potete bloccare l&#8217;installazione dei cookie come indicato nella sezione &#8220;Cookie&#8221;, oppure installare facoltativamente uno strumento per il vostro browser web per bloccare in generale l&#8217;accesso di Google Analytics.<\/p>\n<p style=\"font-weight: 400;\">Google Analytics viene utilizzato anche per analizzare i dati di AdWords a fini statistici. Questa funzione pu\u00f2 essere disattivata tramite il Gestore delle preferenze degli annunci.<\/p>\n\t\t\t\t\t\t\t\t<\/div>\n\t\t\t\t<\/div>\n\t\t\t\t\t<\/div>\n\t\t\t\t<\/div>\n\t\t\t\t<\/div>\n\t\t","protected":false},"excerpt":{"rendered":"<p>Nota legale Alexander Weiskopf Karl Hofmann-Stra\u00dfe 5 A-9900 Lienz Telefono: +43 664 1643850 E-mail: hello@alexanderweiskopf.com Limitazione di responsabilit\u00e0 per i propri contenuti Tutti i contenuti del mio sito web sono stati creati con cura e al meglio delle mie conoscenze. Tuttavia, non \u00e8 possibile garantire l&#8217;attualit\u00e0, la completezza e la correttezza di tutte le pagine. [&hellip;]<\/p>\n","protected":false},"author":2,"featured_media":0,"parent":0,"menu_order":0,"comment_status":"closed","ping_status":"closed","template":"","meta":{"om_disable_all_campaigns":false,"_uag_custom_page_level_css":"","site-sidebar-layout":"no-sidebar","site-content-layout":"page-builder","ast-site-content-layout":"full-width-container","site-content-style":"default","site-sidebar-style":"default","ast-global-header-display":"","ast-banner-title-visibility":"","ast-main-header-display":"","ast-hfb-above-header-display":"","ast-hfb-below-header-display":"","ast-hfb-mobile-header-display":"","site-post-title":"disabled","ast-breadcrumbs-content":"","ast-featured-img":"disabled","footer-sml-layout":"","ast-disable-related-posts":"","theme-transparent-header-meta":"","adv-header-id-meta":"","stick-header-meta":"","header-above-stick-meta":"","header-main-stick-meta":"","header-below-stick-meta":"","astra-migrate-meta-layouts":"default","ast-page-background-enabled":"default","ast-page-background-meta":{"desktop":{"background-color":"","background-image":"","background-repeat":"repeat","background-position":"center center","background-size":"auto","background-attachment":"scroll","background-type":"","background-media":"","overlay-type":"","overlay-color":"","overlay-opacity":"","overlay-gradient":""},"tablet":{"background-color":"","background-image":"","background-repeat":"repeat","background-position":"center center","background-size":"auto","background-attachment":"scroll","background-type":"","background-media":"","overlay-type":"","overlay-color":"","overlay-opacity":"","overlay-gradient":""},"mobile":{"background-color":"","background-image":"","background-repeat":"repeat","background-position":"center center","background-size":"auto","background-attachment":"scroll","background-type":"","background-media":"","overlay-type":"","overlay-color":"","overlay-opacity":"","overlay-gradient":""}},"ast-content-background-meta":{"desktop":{"background-color":"var(--ast-global-color-5)","background-image":"","background-repeat":"repeat","background-position":"center center","background-size":"auto","background-attachment":"scroll","background-type":"","background-media":"","overlay-type":"","overlay-color":"","overlay-opacity":"","overlay-gradient":""},"tablet":{"background-color":"var(--ast-global-color-5)","background-image":"","background-repeat":"repeat","background-position":"center center","background-size":"auto","background-attachment":"scroll","background-type":"","background-media":"","overlay-type":"","overlay-color":"","overlay-opacity":"","overlay-gradient":""},"mobile":{"background-color":"var(--ast-global-color-5)","background-image":"","background-repeat":"repeat","background-position":"center center","background-size":"auto","background-attachment":"scroll","background-type":"","background-media":"","overlay-type":"","overlay-color":"","overlay-opacity":"","overlay-gradient":""}},"footnotes":""},"class_list":["post-4222","page","type-page","status-publish","hentry"],"uagb_featured_image_src":{"full":false,"thumbnail":false,"medium":false,"medium_large":false,"large":false,"1536x1536":false,"2048x2048":false},"uagb_author_info":{"display_name":"alexander","author_link":"https:\/\/alexanderweiskopf.com\/it\/author\/alexander\/"},"uagb_comment_info":0,"uagb_excerpt":"Nota legale Alexander Weiskopf Karl Hofmann-Stra\u00dfe 5 A-9900 Lienz Telefono: +43 664 1643850 E-mail: hello@alexanderweiskopf.com Limitazione di responsabilit\u00e0 per i propri contenuti Tutti i contenuti del mio sito web sono stati creati con cura e al meglio delle mie conoscenze. Tuttavia, non \u00e8 possibile garantire l&#8217;attualit\u00e0, la completezza e la correttezza di tutte le pagine.&hellip;","_links":{"self":[{"href":"https:\/\/alexanderweiskopf.com\/it\/wp-json\/wp\/v2\/pages\/4222","targetHints":{"allow":["GET"]}}],"collection":[{"href":"https:\/\/alexanderweiskopf.com\/it\/wp-json\/wp\/v2\/pages"}],"about":[{"href":"https:\/\/alexanderweiskopf.com\/it\/wp-json\/wp\/v2\/types\/page"}],"author":[{"embeddable":true,"href":"https:\/\/alexanderweiskopf.com\/it\/wp-json\/wp\/v2\/users\/2"}],"replies":[{"embeddable":true,"href":"https:\/\/alexanderweiskopf.com\/it\/wp-json\/wp\/v2\/comments?post=4222"}],"version-history":[{"count":0,"href":"https:\/\/alexanderweiskopf.com\/it\/wp-json\/wp\/v2\/pages\/4222\/revisions"}],"wp:attachment":[{"href":"https:\/\/alexanderweiskopf.com\/it\/wp-json\/wp\/v2\/media?parent=4222"}],"curies":[{"name":"wp","href":"https:\/\/api.w.org\/{rel}","templated":true}]}}