{"id":4218,"date":"2023-11-26T14:08:13","date_gmt":"2023-11-26T14:08:13","guid":{"rendered":"https:\/\/alexanderweiskopf.com\/impression\/"},"modified":"2024-08-22T12:41:29","modified_gmt":"2024-08-22T12:41:29","slug":"impression","status":"publish","type":"page","link":"https:\/\/alexanderweiskopf.com\/fr\/impression\/","title":{"rendered":"Impression"},"content":{"rendered":"\t\t<div data-elementor-type=\"wp-page\" data-elementor-id=\"4218\" class=\"elementor elementor-4218 elementor-1970\">\n\t\t\t\t<div class=\"elementor-element elementor-element-8eea2a5 e-flex e-con-boxed e-con e-parent\" data-id=\"8eea2a5\" data-element_type=\"container\" data-e-type=\"container\">\n\t\t\t\t\t<div class=\"e-con-inner\">\n\t\t\t\t<div class=\"elementor-element elementor-element-6258d21 elementor-widget elementor-widget-heading\" data-id=\"6258d21\" data-element_type=\"widget\" data-e-type=\"widget\" data-widget_type=\"heading.default\">\n\t\t\t\t<div class=\"elementor-widget-container\">\n\t\t\t\t\t<h2 class=\"elementor-heading-title elementor-size-default\">Impression<\/h2>\t\t\t\t<\/div>\n\t\t\t\t<\/div>\n\t\t\t\t<div class=\"elementor-element elementor-element-9161c5b elementor-widget elementor-widget-text-editor\" data-id=\"9161c5b\" data-element_type=\"widget\" data-e-type=\"widget\" data-widget_type=\"text-editor.default\">\n\t\t\t\t<div class=\"elementor-widget-container\">\n\t\t\t\t\t\t\t\t\t<p style=\"font-weight: 400;\">Alexander Weiskopf<\/p>\n<p style=\"font-weight: 400;\">Karl Hofmann-Stra\u00dfe 5<\/p>\n<p style=\"font-weight: 400;\">A-9900 Lienz<\/p>\n<p style=\"font-weight: 400;\">T\u00e9l\u00e9phone : +43 664 1643850 <\/p>\n<p style=\"font-weight: 400;\">Courrier \u00e9lectronique : hello@alexanderweiskopf.com<\/p>\n\t\t\t\t\t\t\t\t<\/div>\n\t\t\t\t<\/div>\n\t\t\t\t<div class=\"elementor-element elementor-element-d0c6abc elementor-widget elementor-widget-heading\" data-id=\"d0c6abc\" data-element_type=\"widget\" data-e-type=\"widget\" data-widget_type=\"heading.default\">\n\t\t\t\t<div class=\"elementor-widget-container\">\n\t\t\t\t\t<h3 class=\"elementor-heading-title elementor-size-default\">Limitation de la responsabilit\u00e9 pour le contenu propre<\/h3>\t\t\t\t<\/div>\n\t\t\t\t<\/div>\n\t\t\t\t<div class=\"elementor-element elementor-element-0f9ba5d elementor-widget elementor-widget-text-editor\" data-id=\"0f9ba5d\" data-element_type=\"widget\" data-e-type=\"widget\" data-widget_type=\"text-editor.default\">\n\t\t\t\t<div class=\"elementor-widget-container\">\n\t\t\t\t\t\t\t\t\t<p style=\"font-weight: 400;\">Tout le contenu de mon site web a \u00e9t\u00e9 cr\u00e9\u00e9 avec soin et au mieux de mes connaissances. Toutefois, aucune garantie ne peut \u00eatre donn\u00e9e quant \u00e0 l&rsquo;actualit\u00e9, l&rsquo;exhaustivit\u00e9 et l&rsquo;exactitude de toutes les pages. Conform\u00e9ment au \u00a7 7 para. 1 TMG, je suis responsable, en tant que prestataire de services, de mon propre contenu sur ces pages conform\u00e9ment aux lois g\u00e9n\u00e9rales, mais conform\u00e9ment aux \u00a7\u00a7 8 \u00e0 10 TMG, je ne suis pas tenu de surveiller les informations transmises ou stock\u00e9es par des tiers. Ce contenu sera retir\u00e9 imm\u00e9diatement \u00e0 partir du moment o\u00f9 j&rsquo;ai connaissance d&rsquo;une infraction sp\u00e9cifique et je ne suis pas responsable avant le moment o\u00f9 j&rsquo;en ai connaissance.<\/p>\n\t\t\t\t\t\t\t\t<\/div>\n\t\t\t\t<\/div>\n\t\t\t\t<div class=\"elementor-element elementor-element-8baca58 elementor-widget elementor-widget-heading\" data-id=\"8baca58\" data-element_type=\"widget\" data-e-type=\"widget\" data-widget_type=\"heading.default\">\n\t\t\t\t<div class=\"elementor-widget-container\">\n\t\t\t\t\t<h3 class=\"elementor-heading-title elementor-size-default\">Limitation de la responsabilit\u00e9 pour les liens externes<\/h3>\t\t\t\t<\/div>\n\t\t\t\t<\/div>\n\t\t\t\t<div class=\"elementor-element elementor-element-c93c370 elementor-widget elementor-widget-text-editor\" data-id=\"c93c370\" data-element_type=\"widget\" data-e-type=\"widget\" data-widget_type=\"text-editor.default\">\n\t\t\t\t<div class=\"elementor-widget-container\">\n\t\t\t\t\t\t\t\t\t<p style=\"font-weight: 400;\">Mon site web contient des \u00ab\u00a0liens externes\u00a0\u00bb (liens vers des sites web de tiers), sur le contenu desquels je n&rsquo;ai aucune influence et pour lesquels je n&rsquo;accepte donc aucune responsabilit\u00e9. Le fournisseur d&rsquo;informations du site web li\u00e9 est responsable du contenu et de l&rsquo;exactitude des informations. Lorsque les liens ont \u00e9t\u00e9 cr\u00e9\u00e9s, je n&rsquo;avais pas connaissance d&rsquo;une quelconque violation de la loi. Si j&rsquo;ai connaissance d&rsquo;une infraction, je supprimerai imm\u00e9diatement le lien correspondant.<\/p>\n\t\t\t\t\t\t\t\t<\/div>\n\t\t\t\t<\/div>\n\t\t\t\t<div class=\"elementor-element elementor-element-946deff elementor-widget elementor-widget-heading\" data-id=\"946deff\" data-element_type=\"widget\" data-e-type=\"widget\" data-widget_type=\"heading.default\">\n\t\t\t\t<div class=\"elementor-widget-container\">\n\t\t\t\t\t<h3 class=\"elementor-heading-title elementor-size-default\">Droit d'auteur<\/h3>\t\t\t\t<\/div>\n\t\t\t\t<\/div>\n\t\t\t\t<div class=\"elementor-element elementor-element-b111ce0 elementor-widget elementor-widget-text-editor\" data-id=\"b111ce0\" data-element_type=\"widget\" data-e-type=\"widget\" data-widget_type=\"text-editor.default\">\n\t\t\t\t<div class=\"elementor-widget-container\">\n\t\t\t\t\t\t\t\t\t<p style=\"font-weight: 400;\">Le contenu et les \u0153uvres publi\u00e9s sur ce site web sont soumis \u00e0 la loi autrichienne sur les droits d&rsquo;auteur. Toute duplication, traitement, distribution ou toute forme d&rsquo;utilisation d\u00e9passant le cadre de la loi sur les droits d&rsquo;auteur n\u00e9cessite l&rsquo;accord \u00e9crit pr\u00e9alable de l&rsquo;auteur ou des auteurs en question.<\/p>\n\t\t\t\t\t\t\t\t<\/div>\n\t\t\t\t<\/div>\n\t\t\t\t<div class=\"elementor-element elementor-element-18b05d7 elementor-widget elementor-widget-heading\" data-id=\"18b05d7\" data-element_type=\"widget\" data-e-type=\"widget\" data-widget_type=\"heading.default\">\n\t\t\t\t<div class=\"elementor-widget-container\">\n\t\t\t\t\t<h3 class=\"elementor-heading-title elementor-size-default\">Protection des donn\u00e9es<\/h3>\t\t\t\t<\/div>\n\t\t\t\t<\/div>\n\t\t\t\t<div class=\"elementor-element elementor-element-4a46e9a elementor-widget elementor-widget-text-editor\" data-id=\"4a46e9a\" data-element_type=\"widget\" data-e-type=\"widget\" data-widget_type=\"text-editor.default\">\n\t\t\t\t<div class=\"elementor-widget-container\">\n\t\t\t\t\t\t\t\t\t<p style=\"font-weight: 400;\">Lorsque vous visitez mon site web, des informations sur l&rsquo;acc\u00e8s (date, heure, page consult\u00e9e) peuvent \u00eatre stock\u00e9es sur le serveur. Il ne s&rsquo;agit pas d&rsquo;une \u00e9valuation des donn\u00e9es personnelles (par exemple, le nom, l&rsquo;adresse ou l&rsquo;adresse \u00e9lectronique). Si des donn\u00e9es personnelles sont collect\u00e9es, elles ne le sont &#8211; dans la mesure du possible &#8211; qu&rsquo;avec le consentement pr\u00e9alable de l&rsquo;utilisateur du site web. Les donn\u00e9es ne seront pas transmises \u00e0 des tiers sans le consentement expr\u00e8s de l&rsquo;utilisateur. J&rsquo;attire express\u00e9ment l&rsquo;attention sur le fait que la transmission de donn\u00e9es sur l&rsquo;internet (par exemple par courrier \u00e9lectronique) peut pr\u00e9senter des lacunes en mati\u00e8re de s\u00e9curit\u00e9. Il n&rsquo;est pas possible de garantir une protection totale des donn\u00e9es contre l&rsquo;acc\u00e8s par des tiers. Je ne peux accepter aucune responsabilit\u00e9 pour les dommages r\u00e9sultant de ces lacunes de s\u00e9curit\u00e9. L&rsquo;utilisation des donn\u00e9es de contact publi\u00e9es par des tiers \u00e0 des fins publicitaires est express\u00e9ment interdite. Je me r\u00e9serve le droit d&rsquo;intenter une action en justice en cas d&rsquo;envoi non sollicit\u00e9 d&rsquo;informations publicitaires, par exemple par le biais de courriers \u00e9lectroniques non sollicit\u00e9s.<\/p>\n\t\t\t\t\t\t\t\t<\/div>\n\t\t\t\t<\/div>\n\t\t\t\t<div class=\"elementor-element elementor-element-12df3dc elementor-widget elementor-widget-heading\" data-id=\"12df3dc\" data-element_type=\"widget\" data-e-type=\"widget\" data-widget_type=\"heading.default\">\n\t\t\t\t<div class=\"elementor-widget-container\">\n\t\t\t\t\t<h3 class=\"elementor-heading-title elementor-size-default\">Cookies<\/h3>\t\t\t\t<\/div>\n\t\t\t\t<\/div>\n\t\t\t\t<div class=\"elementor-element elementor-element-e7956b9 elementor-widget elementor-widget-text-editor\" data-id=\"e7956b9\" data-element_type=\"widget\" data-e-type=\"widget\" data-widget_type=\"text-editor.default\">\n\t\t\t\t<div class=\"elementor-widget-container\">\n\t\t\t\t\t\t\t\t\t<p style=\"font-weight: 400;\">Ce site web utilise des \u00ab\u00a0cookies\u00a0\u00bb. Les cookies sont des fichiers texte qui me permettent de rendre votre visite sur mon site web plus pratique. Mon site web utilise principalement des \u00ab\u00a0cookies de session\u00a0\u00bb, qui ne sont pas stock\u00e9s sur votre disque dur et sont supprim\u00e9s lorsque vous fermez votre navigateur ou apr\u00e8s une longue p\u00e9riode d&rsquo;inactivit\u00e9. Vous pouvez consulter et supprimer les cookies stock\u00e9s sur votre ordinateur et contr\u00f4ler le traitement des cookies en g\u00e9n\u00e9ral via les param\u00e8tres de votre navigateur Internet.<\/p>\n\t\t\t\t\t\t\t\t<\/div>\n\t\t\t\t<\/div>\n\t\t\t\t<div class=\"elementor-element elementor-element-0527246 elementor-widget elementor-widget-heading\" data-id=\"0527246\" data-element_type=\"widget\" data-e-type=\"widget\" data-widget_type=\"heading.default\">\n\t\t\t\t<div class=\"elementor-widget-container\">\n\t\t\t\t\t<h3 class=\"elementor-heading-title elementor-size-default\">Google Analytics<\/h3>\t\t\t\t<\/div>\n\t\t\t\t<\/div>\n\t\t\t\t<div class=\"elementor-element elementor-element-8473804 elementor-widget elementor-widget-text-editor\" data-id=\"8473804\" data-element_type=\"widget\" data-e-type=\"widget\" data-widget_type=\"text-editor.default\">\n\t\t\t\t<div class=\"elementor-widget-container\">\n\t\t\t\t\t\t\t\t\t<p style=\"font-weight: 400;\">Ce site utilise Google Analytics, un service d&rsquo;analyse de site internet fourni par Google Inc (\u00ab\u00a0Google\u00a0\u00bb) &#8211; voir la politique de confidentialit\u00e9 d\u00e9taill\u00e9e. Google Analytics utilise \u00e9galement des cookies, qui sont des fichiers texte plac\u00e9s sur votre ordinateur, pour aider le site Internet \u00e0 analyser l&rsquo;utilisation du site par ses utilisateurs. Les informations enregistr\u00e9es par le cookie concernant votre utilisation de ce site web (y compris votre adresse IP) sont transmises \u00e0 un serveur de Google aux Etats-Unis et y sont stock\u00e9es. Google utilisera ces informations dans le but d&rsquo;\u00e9valuer votre utilisation du site, de compiler des rapports sur l&rsquo;activit\u00e9 du site pour les op\u00e9rateurs du site et de fournir d&rsquo;autres services li\u00e9s \u00e0 l&rsquo;activit\u00e9 du site et \u00e0 l&rsquo;utilisation d&rsquo;Internet. Google peut \u00e9galement transf\u00e9rer ces informations \u00e0 des tiers si la loi l&rsquo;exige ou si ces tiers traitent les informations pour le compte de Google. Votre adresse IP n&rsquo;est stock\u00e9e que de mani\u00e8re anonyme, de sorte qu&rsquo;elle ne peut pas \u00eatre associ\u00e9e \u00e0 d&rsquo;autres donn\u00e9es de Google.<\/p>\n<p style=\"font-weight: 400;\">En utilisant ce site web, vous consentez au traitement des donn\u00e9es vous concernant par Google de la mani\u00e8re et dans le but d\u00e9crits ci-dessus. Si n\u00e9cessaire, vous pouvez bloquer l&rsquo;installation des cookies comme indiqu\u00e9 dans la rubrique \u00ab\u00a0Cookies\u00a0\u00bb ou, en option, installer un outil pour votre navigateur Internet afin de bloquer de mani\u00e8re g\u00e9n\u00e9rale l&rsquo;acc\u00e8s \u00e0 Google Analytics.<\/p>\n<p style=\"font-weight: 400;\">Google Analytics est \u00e9galement utilis\u00e9 pour analyser les donn\u00e9es d&rsquo;AdWords \u00e0 des fins statistiques. Cette fonction peut \u00eatre d\u00e9sactiv\u00e9e via le gestionnaire des pr\u00e9f\u00e9rences publicitaires.<\/p>\n\t\t\t\t\t\t\t\t<\/div>\n\t\t\t\t<\/div>\n\t\t\t\t\t<\/div>\n\t\t\t\t<\/div>\n\t\t\t\t<\/div>\n\t\t","protected":false},"excerpt":{"rendered":"<p>Impression Alexander Weiskopf Karl Hofmann-Stra\u00dfe 5 A-9900 Lienz T\u00e9l\u00e9phone : +43 664 1643850 Courrier \u00e9lectronique : hello@alexanderweiskopf.com Limitation de la responsabilit\u00e9 pour le contenu propre Tout le contenu de mon site web a \u00e9t\u00e9 cr\u00e9\u00e9 avec soin et au mieux de mes connaissances. Toutefois, aucune garantie ne peut \u00eatre donn\u00e9e quant \u00e0 l&rsquo;actualit\u00e9, l&rsquo;exhaustivit\u00e9 et [&hellip;]<\/p>\n","protected":false},"author":2,"featured_media":0,"parent":0,"menu_order":0,"comment_status":"closed","ping_status":"closed","template":"","meta":{"om_disable_all_campaigns":false,"_uag_custom_page_level_css":"","site-sidebar-layout":"no-sidebar","site-content-layout":"page-builder","ast-site-content-layout":"full-width-container","site-content-style":"default","site-sidebar-style":"default","ast-global-header-display":"","ast-banner-title-visibility":"","ast-main-header-display":"","ast-hfb-above-header-display":"","ast-hfb-below-header-display":"","ast-hfb-mobile-header-display":"","site-post-title":"disabled","ast-breadcrumbs-content":"","ast-featured-img":"disabled","footer-sml-layout":"","ast-disable-related-posts":"","theme-transparent-header-meta":"","adv-header-id-meta":"","stick-header-meta":"","header-above-stick-meta":"","header-main-stick-meta":"","header-below-stick-meta":"","astra-migrate-meta-layouts":"default","ast-page-background-enabled":"default","ast-page-background-meta":{"desktop":{"background-color":"","background-image":"","background-repeat":"repeat","background-position":"center center","background-size":"auto","background-attachment":"scroll","background-type":"","background-media":"","overlay-type":"","overlay-color":"","overlay-opacity":"","overlay-gradient":""},"tablet":{"background-color":"","background-image":"","background-repeat":"repeat","background-position":"center center","background-size":"auto","background-attachment":"scroll","background-type":"","background-media":"","overlay-type":"","overlay-color":"","overlay-opacity":"","overlay-gradient":""},"mobile":{"background-color":"","background-image":"","background-repeat":"repeat","background-position":"center center","background-size":"auto","background-attachment":"scroll","background-type":"","background-media":"","overlay-type":"","overlay-color":"","overlay-opacity":"","overlay-gradient":""}},"ast-content-background-meta":{"desktop":{"background-color":"var(--ast-global-color-5)","background-image":"","background-repeat":"repeat","background-position":"center center","background-size":"auto","background-attachment":"scroll","background-type":"","background-media":"","overlay-type":"","overlay-color":"","overlay-opacity":"","overlay-gradient":""},"tablet":{"background-color":"var(--ast-global-color-5)","background-image":"","background-repeat":"repeat","background-position":"center center","background-size":"auto","background-attachment":"scroll","background-type":"","background-media":"","overlay-type":"","overlay-color":"","overlay-opacity":"","overlay-gradient":""},"mobile":{"background-color":"var(--ast-global-color-5)","background-image":"","background-repeat":"repeat","background-position":"center center","background-size":"auto","background-attachment":"scroll","background-type":"","background-media":"","overlay-type":"","overlay-color":"","overlay-opacity":"","overlay-gradient":""}},"footnotes":""},"class_list":["post-4218","page","type-page","status-publish","hentry"],"uagb_featured_image_src":{"full":false,"thumbnail":false,"medium":false,"medium_large":false,"large":false,"1536x1536":false,"2048x2048":false},"uagb_author_info":{"display_name":"alexander","author_link":"https:\/\/alexanderweiskopf.com\/fr\/author\/alexander\/"},"uagb_comment_info":0,"uagb_excerpt":"Impression Alexander Weiskopf Karl Hofmann-Stra\u00dfe 5 A-9900 Lienz T\u00e9l\u00e9phone : +43 664 1643850 Courrier \u00e9lectronique : hello@alexanderweiskopf.com Limitation de la responsabilit\u00e9 pour le contenu propre Tout le contenu de mon site web a \u00e9t\u00e9 cr\u00e9\u00e9 avec soin et au mieux de mes connaissances. Toutefois, aucune garantie ne peut \u00eatre donn\u00e9e quant \u00e0 l&rsquo;actualit\u00e9, l&rsquo;exhaustivit\u00e9 et\u2026","_links":{"self":[{"href":"https:\/\/alexanderweiskopf.com\/fr\/wp-json\/wp\/v2\/pages\/4218","targetHints":{"allow":["GET"]}}],"collection":[{"href":"https:\/\/alexanderweiskopf.com\/fr\/wp-json\/wp\/v2\/pages"}],"about":[{"href":"https:\/\/alexanderweiskopf.com\/fr\/wp-json\/wp\/v2\/types\/page"}],"author":[{"embeddable":true,"href":"https:\/\/alexanderweiskopf.com\/fr\/wp-json\/wp\/v2\/users\/2"}],"replies":[{"embeddable":true,"href":"https:\/\/alexanderweiskopf.com\/fr\/wp-json\/wp\/v2\/comments?post=4218"}],"version-history":[{"count":0,"href":"https:\/\/alexanderweiskopf.com\/fr\/wp-json\/wp\/v2\/pages\/4218\/revisions"}],"wp:attachment":[{"href":"https:\/\/alexanderweiskopf.com\/fr\/wp-json\/wp\/v2\/media?parent=4218"}],"curies":[{"name":"wp","href":"https:\/\/api.w.org\/{rel}","templated":true}]}}