{"id":4228,"date":"2023-11-26T14:08:13","date_gmt":"2023-11-26T14:08:13","guid":{"rendered":"https:\/\/alexanderweiskopf.com\/aviso-legal\/"},"modified":"2024-08-22T12:45:00","modified_gmt":"2024-08-22T12:45:00","slug":"aviso-legal","status":"publish","type":"page","link":"https:\/\/alexanderweiskopf.com\/es\/aviso-legal\/","title":{"rendered":"Aviso Legal"},"content":{"rendered":"\t\t<div data-elementor-type=\"wp-page\" data-elementor-id=\"4228\" class=\"elementor elementor-4228 elementor-1970\">\n\t\t\t\t<div class=\"elementor-element elementor-element-8eea2a5 e-flex e-con-boxed e-con e-parent\" data-id=\"8eea2a5\" data-element_type=\"container\" data-e-type=\"container\">\n\t\t\t\t\t<div class=\"e-con-inner\">\n\t\t\t\t<div class=\"elementor-element elementor-element-6258d21 elementor-widget elementor-widget-heading\" data-id=\"6258d21\" data-element_type=\"widget\" data-e-type=\"widget\" data-widget_type=\"heading.default\">\n\t\t\t\t<div class=\"elementor-widget-container\">\n\t\t\t\t\t<h2 class=\"elementor-heading-title elementor-size-default\">Aviso Legal<\/h2>\t\t\t\t<\/div>\n\t\t\t\t<\/div>\n\t\t\t\t<div class=\"elementor-element elementor-element-9161c5b elementor-widget elementor-widget-text-editor\" data-id=\"9161c5b\" data-element_type=\"widget\" data-e-type=\"widget\" data-widget_type=\"text-editor.default\">\n\t\t\t\t<div class=\"elementor-widget-container\">\n\t\t\t\t\t\t\t\t\t<p style=\"font-weight: 400;\">Alexander Weiskopf<\/p>\n<p style=\"font-weight: 400;\">Karl Hofmann-Stra\u00dfe 5<\/p>\n<p style=\"font-weight: 400;\">A-9900 Lienz<\/p>\n<p style=\"font-weight: 400;\">Tel: +43 664 1643850 <\/p>\n<p style=\"font-weight: 400;\">Correo electr\u00f3nico: hello@alexanderweiskopf.com<\/p>\n\t\t\t\t\t\t\t\t<\/div>\n\t\t\t\t<\/div>\n\t\t\t\t<div class=\"elementor-element elementor-element-d0c6abc elementor-widget elementor-widget-heading\" data-id=\"d0c6abc\" data-element_type=\"widget\" data-e-type=\"widget\" data-widget_type=\"heading.default\">\n\t\t\t\t<div class=\"elementor-widget-container\">\n\t\t\t\t\t<h3 class=\"elementor-heading-title elementor-size-default\">Limitaci\u00f3n de responsabilidad por contenidos propios<\/h3>\t\t\t\t<\/div>\n\t\t\t\t<\/div>\n\t\t\t\t<div class=\"elementor-element elementor-element-0f9ba5d elementor-widget elementor-widget-text-editor\" data-id=\"0f9ba5d\" data-element_type=\"widget\" data-e-type=\"widget\" data-widget_type=\"text-editor.default\">\n\t\t\t\t<div class=\"elementor-widget-container\">\n\t\t\t\t\t\t\t\t\t<p style=\"font-weight: 400;\">Todo el contenido de mi sitio web ha sido creado con esmero y seg\u00fan mi leal saber y entender. No obstante, no puede garantizarse la actualidad, integridad y correcci\u00f3n de todas las p\u00e1ginas. De conformidad con el \u00a7 7 p\u00e1rr. 1 TMG, soy responsable como proveedor de servicios de mis propios contenidos en estas p\u00e1ginas seg\u00fan las leyes generales, pero seg\u00fan \u00a7\u00a7 8 a 10 TMG no estoy obligado a controlar la informaci\u00f3n ajena transmitida o almacenada. Estos contenidos ser\u00e1n retirados inmediatamente desde el momento en que tenga conocimiento de una infracci\u00f3n concreta y no ser\u00e9 responsable antes del momento en que tenga conocimiento de la misma.<\/p>\n\t\t\t\t\t\t\t\t<\/div>\n\t\t\t\t<\/div>\n\t\t\t\t<div class=\"elementor-element elementor-element-8baca58 elementor-widget elementor-widget-heading\" data-id=\"8baca58\" data-element_type=\"widget\" data-e-type=\"widget\" data-widget_type=\"heading.default\">\n\t\t\t\t<div class=\"elementor-widget-container\">\n\t\t\t\t\t<h3 class=\"elementor-heading-title elementor-size-default\">Limitaci\u00f3n de responsabilidad por enlaces externos<\/h3>\t\t\t\t<\/div>\n\t\t\t\t<\/div>\n\t\t\t\t<div class=\"elementor-element elementor-element-c93c370 elementor-widget elementor-widget-text-editor\" data-id=\"c93c370\" data-element_type=\"widget\" data-e-type=\"widget\" data-widget_type=\"text-editor.default\">\n\t\t\t\t<div class=\"elementor-widget-container\">\n\t\t\t\t\t\t\t\t\t<p style=\"font-weight: 400;\">Mi sitio web contiene los denominados \u00abenlaces externos\u00bb (enlaces a sitios web de terceros), sobre cuyo contenido no tengo ninguna influencia y por el que, por tanto, no asumo ninguna responsabilidad. El respectivo proveedor de informaci\u00f3n del sitio web enlazado es responsable del contenido y la exactitud de la informaci\u00f3n. Cuando se crearon los enlaces, no ten\u00eda conocimiento de ninguna infracci\u00f3n legal. Si tengo conocimiento de una infracci\u00f3n, eliminar\u00e9 inmediatamente el enlace correspondiente.<\/p>\n\t\t\t\t\t\t\t\t<\/div>\n\t\t\t\t<\/div>\n\t\t\t\t<div class=\"elementor-element elementor-element-946deff elementor-widget elementor-widget-heading\" data-id=\"946deff\" data-element_type=\"widget\" data-e-type=\"widget\" data-widget_type=\"heading.default\">\n\t\t\t\t<div class=\"elementor-widget-container\">\n\t\t\t\t\t<h3 class=\"elementor-heading-title elementor-size-default\">Copyright<\/h3>\t\t\t\t<\/div>\n\t\t\t\t<\/div>\n\t\t\t\t<div class=\"elementor-element elementor-element-b111ce0 elementor-widget elementor-widget-text-editor\" data-id=\"b111ce0\" data-element_type=\"widget\" data-e-type=\"widget\" data-widget_type=\"text-editor.default\">\n\t\t\t\t<div class=\"elementor-widget-container\">\n\t\t\t\t\t\t\t\t\t<p style=\"font-weight: 400;\">El contenido y las obras publicadas en este sitio web est\u00e1n sujetos a la legislaci\u00f3n austriaca sobre derechos de autor. Cualquier duplicaci\u00f3n, tratamiento, distribuci\u00f3n o cualquier forma de utilizaci\u00f3n fuera del \u00e1mbito de la legislaci\u00f3n sobre derechos de autor requerir\u00e1 el consentimiento previo por escrito del autor o autores en cuesti\u00f3n.<\/p>\n\t\t\t\t\t\t\t\t<\/div>\n\t\t\t\t<\/div>\n\t\t\t\t<div class=\"elementor-element elementor-element-18b05d7 elementor-widget elementor-widget-heading\" data-id=\"18b05d7\" data-element_type=\"widget\" data-e-type=\"widget\" data-widget_type=\"heading.default\">\n\t\t\t\t<div class=\"elementor-widget-container\">\n\t\t\t\t\t<h3 class=\"elementor-heading-title elementor-size-default\">Protecci\u00f3n de datos<\/h3>\t\t\t\t<\/div>\n\t\t\t\t<\/div>\n\t\t\t\t<div class=\"elementor-element elementor-element-4a46e9a elementor-widget elementor-widget-text-editor\" data-id=\"4a46e9a\" data-element_type=\"widget\" data-e-type=\"widget\" data-widget_type=\"text-editor.default\">\n\t\t\t\t<div class=\"elementor-widget-container\">\n\t\t\t\t\t\t\t\t\t<p style=\"font-weight: 400;\">Cuando visita mi sitio web, puede almacenarse en el servidor informaci\u00f3n sobre el acceso (fecha, hora, p\u00e1gina consultada). Esto no constituye una evaluaci\u00f3n de los datos personales (por ejemplo, nombre, direcci\u00f3n o direcci\u00f3n de correo electr\u00f3nico). Si se recopilan datos personales, s\u00f3lo se hace -cuando es posible- con el consentimiento previo del usuario del sitio web. Los datos no se transmitir\u00e1n a terceros sin el consentimiento expreso del usuario. Se\u00f1alo expresamente que la transmisi\u00f3n de datos en Internet (por ejemplo, por correo electr\u00f3nico) puede presentar lagunas de seguridad. No puede garantizarse la protecci\u00f3n completa de los datos contra el acceso de terceros. No puedo aceptar ninguna responsabilidad por da\u00f1os resultantes de tales lagunas de seguridad. Queda expresamente prohibido el uso de los datos de contacto publicados por terceros con fines publicitarios. Me reservo el derecho a emprender acciones legales en caso de env\u00edo no solicitado de informaci\u00f3n publicitaria, por ejemplo, a trav\u00e9s de correos spam.<\/p>\n\t\t\t\t\t\t\t\t<\/div>\n\t\t\t\t<\/div>\n\t\t\t\t<div class=\"elementor-element elementor-element-12df3dc elementor-widget elementor-widget-heading\" data-id=\"12df3dc\" data-element_type=\"widget\" data-e-type=\"widget\" data-widget_type=\"heading.default\">\n\t\t\t\t<div class=\"elementor-widget-container\">\n\t\t\t\t\t<h3 class=\"elementor-heading-title elementor-size-default\">Cookies<\/h3>\t\t\t\t<\/div>\n\t\t\t\t<\/div>\n\t\t\t\t<div class=\"elementor-element elementor-element-e7956b9 elementor-widget elementor-widget-text-editor\" data-id=\"e7956b9\" data-element_type=\"widget\" data-e-type=\"widget\" data-widget_type=\"text-editor.default\">\n\t\t\t\t<div class=\"elementor-widget-container\">\n\t\t\t\t\t\t\t\t\t<p style=\"font-weight: 400;\">Este sitio web utiliza las denominadas cookies. Las cookies son archivos de texto que me permiten hacer m\u00e1s c\u00f3moda su visita a mi sitio web. Mi sitio web utiliza principalmente \u00abcookies de sesi\u00f3n\u00bb, que no se almacenan en su disco duro y se eliminan cuando cierra su navegador o tras un largo periodo de inactividad. Puede ver y eliminar las cookies almacenadas en su ordenador y controlar el tratamiento de las cookies en general a trav\u00e9s de la configuraci\u00f3n de su navegador de Internet.<\/p>\n\t\t\t\t\t\t\t\t<\/div>\n\t\t\t\t<\/div>\n\t\t\t\t<div class=\"elementor-element elementor-element-0527246 elementor-widget elementor-widget-heading\" data-id=\"0527246\" data-element_type=\"widget\" data-e-type=\"widget\" data-widget_type=\"heading.default\">\n\t\t\t\t<div class=\"elementor-widget-container\">\n\t\t\t\t\t<h3 class=\"elementor-heading-title elementor-size-default\">Google Analytics<\/h3>\t\t\t\t<\/div>\n\t\t\t\t<\/div>\n\t\t\t\t<div class=\"elementor-element elementor-element-8473804 elementor-widget elementor-widget-text-editor\" data-id=\"8473804\" data-element_type=\"widget\" data-e-type=\"widget\" data-widget_type=\"text-editor.default\">\n\t\t\t\t<div class=\"elementor-widget-container\">\n\t\t\t\t\t\t\t\t\t<p style=\"font-weight: 400;\">Este sitio web utiliza Google Analytics, un servicio anal\u00edtico de web prestado por Google Inc (\u00abGoogle\u00bb) &#8211; v\u00e9ase la pol\u00edtica de privacidad detallada. Google Analytics tambi\u00e9n utiliza cookies, que son archivos de texto ubicados en su ordenador, para ayudar al sitio web a analizar c\u00f3mo lo utilizan los usuarios. La informaci\u00f3n registrada por la cookie acerca de su uso de este sitio web (incluyendo su direcci\u00f3n IP) se transmite a un servidor de Google en los EE.UU. y se almacena all\u00ed. Google usar\u00e1 esta informaci\u00f3n por cuenta nuestra con el prop\u00f3sito de seguir la pista de su uso del website, recopilando informes de la actividad del website y prestando otros servicios relacionados con la actividad del website y el uso de Internet. Google podr\u00e1 transmitir dicha informaci\u00f3n a terceros cuando as\u00ed se lo requiera la legislaci\u00f3n, o cuando dichos terceros procesen la informaci\u00f3n por cuenta de Google. Su direcci\u00f3n IP s\u00f3lo se almacena de forma an\u00f3nima para que su direcci\u00f3n IP no pueda asociarse a otros datos de Google.<\/p>\n<p style=\"font-weight: 400;\">Al utilizar este website Usted consiente el tratamiento de informaci\u00f3n acerca de Usted por Google en la forma y para los fines arriba indicados. En caso necesario, puede bloquear la instalaci\u00f3n de cookies tal y como se menciona en el apartado \u00abCookies\u00bb, u opcionalmente instalar una herramienta para su navegador web para bloquear de forma general el acceso de Google Analytics.<\/p>\n<p style=\"font-weight: 400;\">Google Analytics tambi\u00e9n se utiliza para analizar datos de AdWords con fines estad\u00edsticos. Esto puede desactivarse a trav\u00e9s del Gestor de Preferencias de Anuncios.<\/p>\n\t\t\t\t\t\t\t\t<\/div>\n\t\t\t\t<\/div>\n\t\t\t\t\t<\/div>\n\t\t\t\t<\/div>\n\t\t\t\t<\/div>\n\t\t","protected":false},"excerpt":{"rendered":"<p>Aviso Legal Alexander Weiskopf Karl Hofmann-Stra\u00dfe 5 A-9900 Lienz Tel: +43 664 1643850 Correo electr\u00f3nico: hello@alexanderweiskopf.com Limitaci\u00f3n de responsabilidad por contenidos propios Todo el contenido de mi sitio web ha sido creado con esmero y seg\u00fan mi leal saber y entender. No obstante, no puede garantizarse la actualidad, integridad y correcci\u00f3n de todas las p\u00e1ginas. [&hellip;]<\/p>\n","protected":false},"author":2,"featured_media":0,"parent":0,"menu_order":0,"comment_status":"closed","ping_status":"closed","template":"","meta":{"om_disable_all_campaigns":false,"_uag_custom_page_level_css":"","site-sidebar-layout":"no-sidebar","site-content-layout":"page-builder","ast-site-content-layout":"full-width-container","site-content-style":"default","site-sidebar-style":"default","ast-global-header-display":"","ast-banner-title-visibility":"","ast-main-header-display":"","ast-hfb-above-header-display":"","ast-hfb-below-header-display":"","ast-hfb-mobile-header-display":"","site-post-title":"disabled","ast-breadcrumbs-content":"","ast-featured-img":"disabled","footer-sml-layout":"","ast-disable-related-posts":"","theme-transparent-header-meta":"","adv-header-id-meta":"","stick-header-meta":"","header-above-stick-meta":"","header-main-stick-meta":"","header-below-stick-meta":"","astra-migrate-meta-layouts":"default","ast-page-background-enabled":"default","ast-page-background-meta":{"desktop":{"background-color":"","background-image":"","background-repeat":"repeat","background-position":"center center","background-size":"auto","background-attachment":"scroll","background-type":"","background-media":"","overlay-type":"","overlay-color":"","overlay-opacity":"","overlay-gradient":""},"tablet":{"background-color":"","background-image":"","background-repeat":"repeat","background-position":"center center","background-size":"auto","background-attachment":"scroll","background-type":"","background-media":"","overlay-type":"","overlay-color":"","overlay-opacity":"","overlay-gradient":""},"mobile":{"background-color":"","background-image":"","background-repeat":"repeat","background-position":"center center","background-size":"auto","background-attachment":"scroll","background-type":"","background-media":"","overlay-type":"","overlay-color":"","overlay-opacity":"","overlay-gradient":""}},"ast-content-background-meta":{"desktop":{"background-color":"var(--ast-global-color-5)","background-image":"","background-repeat":"repeat","background-position":"center center","background-size":"auto","background-attachment":"scroll","background-type":"","background-media":"","overlay-type":"","overlay-color":"","overlay-opacity":"","overlay-gradient":""},"tablet":{"background-color":"var(--ast-global-color-5)","background-image":"","background-repeat":"repeat","background-position":"center center","background-size":"auto","background-attachment":"scroll","background-type":"","background-media":"","overlay-type":"","overlay-color":"","overlay-opacity":"","overlay-gradient":""},"mobile":{"background-color":"var(--ast-global-color-5)","background-image":"","background-repeat":"repeat","background-position":"center center","background-size":"auto","background-attachment":"scroll","background-type":"","background-media":"","overlay-type":"","overlay-color":"","overlay-opacity":"","overlay-gradient":""}},"footnotes":""},"class_list":["post-4228","page","type-page","status-publish","hentry"],"uagb_featured_image_src":{"full":false,"thumbnail":false,"medium":false,"medium_large":false,"large":false,"1536x1536":false,"2048x2048":false},"uagb_author_info":{"display_name":"alexander","author_link":"https:\/\/alexanderweiskopf.com\/es\/author\/alexander\/"},"uagb_comment_info":0,"uagb_excerpt":"Aviso Legal Alexander Weiskopf Karl Hofmann-Stra\u00dfe 5 A-9900 Lienz Tel: +43 664 1643850 Correo electr\u00f3nico: hello@alexanderweiskopf.com Limitaci\u00f3n de responsabilidad por contenidos propios Todo el contenido de mi sitio web ha sido creado con esmero y seg\u00fan mi leal saber y entender. No obstante, no puede garantizarse la actualidad, integridad y correcci\u00f3n de todas las p\u00e1ginas.&hellip;","_links":{"self":[{"href":"https:\/\/alexanderweiskopf.com\/es\/wp-json\/wp\/v2\/pages\/4228","targetHints":{"allow":["GET"]}}],"collection":[{"href":"https:\/\/alexanderweiskopf.com\/es\/wp-json\/wp\/v2\/pages"}],"about":[{"href":"https:\/\/alexanderweiskopf.com\/es\/wp-json\/wp\/v2\/types\/page"}],"author":[{"embeddable":true,"href":"https:\/\/alexanderweiskopf.com\/es\/wp-json\/wp\/v2\/users\/2"}],"replies":[{"embeddable":true,"href":"https:\/\/alexanderweiskopf.com\/es\/wp-json\/wp\/v2\/comments?post=4228"}],"version-history":[{"count":0,"href":"https:\/\/alexanderweiskopf.com\/es\/wp-json\/wp\/v2\/pages\/4228\/revisions"}],"wp:attachment":[{"href":"https:\/\/alexanderweiskopf.com\/es\/wp-json\/wp\/v2\/media?parent=4228"}],"curies":[{"name":"wp","href":"https:\/\/api.w.org\/{rel}","templated":true}]}}