{"id":4220,"date":"2023-11-26T14:08:13","date_gmt":"2023-11-26T14:08:13","guid":{"rendered":"https:\/\/alexanderweiskopf.com\/impressum\/"},"modified":"2024-08-22T12:42:00","modified_gmt":"2024-08-22T12:42:00","slug":"impressum","status":"publish","type":"page","link":"https:\/\/alexanderweiskopf.com\/de\/impressum\/","title":{"rendered":"Impressum"},"content":{"rendered":"\t\t<div data-elementor-type=\"wp-page\" data-elementor-id=\"4220\" class=\"elementor elementor-4220 elementor-1970\">\n\t\t\t\t<div class=\"elementor-element elementor-element-8eea2a5 e-flex e-con-boxed e-con e-parent\" data-id=\"8eea2a5\" data-element_type=\"container\" data-e-type=\"container\">\n\t\t\t\t\t<div class=\"e-con-inner\">\n\t\t\t\t<div class=\"elementor-element elementor-element-6258d21 elementor-widget elementor-widget-heading\" data-id=\"6258d21\" data-element_type=\"widget\" data-e-type=\"widget\" data-widget_type=\"heading.default\">\n\t\t\t\t<div class=\"elementor-widget-container\">\n\t\t\t\t\t<h2 class=\"elementor-heading-title elementor-size-default\">Impressum<\/h2>\t\t\t\t<\/div>\n\t\t\t\t<\/div>\n\t\t\t\t<div class=\"elementor-element elementor-element-9161c5b elementor-widget elementor-widget-text-editor\" data-id=\"9161c5b\" data-element_type=\"widget\" data-e-type=\"widget\" data-widget_type=\"text-editor.default\">\n\t\t\t\t<div class=\"elementor-widget-container\">\n\t\t\t\t\t\t\t\t\t<p style=\"font-weight: 400;\">Alexander Weiskopf<\/p>\n<p style=\"font-weight: 400;\">Karl Hofmann-Stra\u00dfe 5<\/p>\n<p style=\"font-weight: 400;\">A-9900 Lienz<\/p>\n<p style=\"font-weight: 400;\">Telefon: +43 664 1643850 <\/p>\n<p style=\"font-weight: 400;\">E-Mail: hello@alexanderweiskopf.com<\/p>\n\t\t\t\t\t\t\t\t<\/div>\n\t\t\t\t<\/div>\n\t\t\t\t<div class=\"elementor-element elementor-element-d0c6abc elementor-widget elementor-widget-heading\" data-id=\"d0c6abc\" data-element_type=\"widget\" data-e-type=\"widget\" data-widget_type=\"heading.default\">\n\t\t\t\t<div class=\"elementor-widget-container\">\n\t\t\t\t\t<h3 class=\"elementor-heading-title elementor-size-default\">Haftungsbeschr\u00e4nkung f\u00fcr eigene Inhalte<\/h3>\t\t\t\t<\/div>\n\t\t\t\t<\/div>\n\t\t\t\t<div class=\"elementor-element elementor-element-0f9ba5d elementor-widget elementor-widget-text-editor\" data-id=\"0f9ba5d\" data-element_type=\"widget\" data-e-type=\"widget\" data-widget_type=\"text-editor.default\">\n\t\t\t\t<div class=\"elementor-widget-container\">\n\t\t\t\t\t\t\t\t\t<p style=\"font-weight: 400;\">Alle Inhalte auf meiner Website wurden mit Sorgfalt und nach bestem Wissen und Gewissen erstellt. Es kann jedoch keine Garantie f\u00fcr die Aktualit\u00e4t, Vollst\u00e4ndigkeit und Richtigkeit aller Seiten \u00fcbernommen werden. Gem\u00e4\u00df \u00a7 7 Abs.. 1 TMG bin ich als Diensteanbieter f\u00fcr eigene Inhalte auf diesen Seiten nach den allgemeinen Gesetzen verantwortlich, jedoch nach \u00a7\u00a7 8 bis 10 TMG nicht verpflichtet, \u00fcbermittelte oder gespeicherte fremde Informationen zu \u00fcberwachen. Bei Bekanntwerden von Rechtsverletzungen werden diese Inhalte umgehend entfernt, und ich bin nicht haftbar, bevor ich davon Kenntnis erlangt habe.<\/p>\n\t\t\t\t\t\t\t\t<\/div>\n\t\t\t\t<\/div>\n\t\t\t\t<div class=\"elementor-element elementor-element-8baca58 elementor-widget elementor-widget-heading\" data-id=\"8baca58\" data-element_type=\"widget\" data-e-type=\"widget\" data-widget_type=\"heading.default\">\n\t\t\t\t<div class=\"elementor-widget-container\">\n\t\t\t\t\t<h3 class=\"elementor-heading-title elementor-size-default\">Haftungsbeschr\u00e4nkung f\u00fcr externe Links<\/h3>\t\t\t\t<\/div>\n\t\t\t\t<\/div>\n\t\t\t\t<div class=\"elementor-element elementor-element-c93c370 elementor-widget elementor-widget-text-editor\" data-id=\"c93c370\" data-element_type=\"widget\" data-e-type=\"widget\" data-widget_type=\"text-editor.default\">\n\t\t\t\t<div class=\"elementor-widget-container\">\n\t\t\t\t\t\t\t\t\t<p style=\"font-weight: 400;\">Mein Angebot enth\u00e4lt sogenannte &#8222;externe Links&#8220; (Links zu Webseiten Dritter), auf deren Inhalte ich keinen Einfluss habe und f\u00fcr die ich daher auch keine Gew\u00e4hr \u00fcbernehme. F\u00fcr den Inhalt und die Richtigkeit der Informationen ist der jeweilige Informationsanbieter der verlinkten Website verantwortlich. Zum Zeitpunkt der Erstellung der Links waren mir keine Rechtsverst\u00f6\u00dfe bekannt. Bei Bekanntwerden von Rechtsverletzungen werde ich derartige Links umgehend entfernen.<\/p>\n\t\t\t\t\t\t\t\t<\/div>\n\t\t\t\t<\/div>\n\t\t\t\t<div class=\"elementor-element elementor-element-946deff elementor-widget elementor-widget-heading\" data-id=\"946deff\" data-element_type=\"widget\" data-e-type=\"widget\" data-widget_type=\"heading.default\">\n\t\t\t\t<div class=\"elementor-widget-container\">\n\t\t\t\t\t<h3 class=\"elementor-heading-title elementor-size-default\">Urheberrecht<\/h3>\t\t\t\t<\/div>\n\t\t\t\t<\/div>\n\t\t\t\t<div class=\"elementor-element elementor-element-b111ce0 elementor-widget elementor-widget-text-editor\" data-id=\"b111ce0\" data-element_type=\"widget\" data-e-type=\"widget\" data-widget_type=\"text-editor.default\">\n\t\t\t\t<div class=\"elementor-widget-container\">\n\t\t\t\t\t\t\t\t\t<p style=\"font-weight: 400;\">Die auf dieser Website ver\u00f6ffentlichten Inhalte und Werke unterliegen dem \u00f6sterreichischen Urheberrecht. Die Vervielf\u00e4ltigung, Bearbeitung, Verbreitung und jede Art der Verwertung au\u00dferhalb der Grenzen des Urheberrechtes bed\u00fcrfen der vorherigen schriftlichen Zustimmung des jeweiligen Autors bzw. Erstellers.<\/p>\n\t\t\t\t\t\t\t\t<\/div>\n\t\t\t\t<\/div>\n\t\t\t\t<div class=\"elementor-element elementor-element-18b05d7 elementor-widget elementor-widget-heading\" data-id=\"18b05d7\" data-element_type=\"widget\" data-e-type=\"widget\" data-widget_type=\"heading.default\">\n\t\t\t\t<div class=\"elementor-widget-container\">\n\t\t\t\t\t<h3 class=\"elementor-heading-title elementor-size-default\">Datenschutz<\/h3>\t\t\t\t<\/div>\n\t\t\t\t<\/div>\n\t\t\t\t<div class=\"elementor-element elementor-element-4a46e9a elementor-widget elementor-widget-text-editor\" data-id=\"4a46e9a\" data-element_type=\"widget\" data-e-type=\"widget\" data-widget_type=\"text-editor.default\">\n\t\t\t\t<div class=\"elementor-widget-container\">\n\t\t\t\t\t\t\t\t\t<p style=\"font-weight: 400;\">Durch den Besuch meiner Website k\u00f6nnen Informationen \u00fcber den Zugriff (Datum, Uhrzeit, betrachtete Seite) auf dem Server gespeichert werden. Eine Auswertung personenbezogener Daten (z.B. Name, Anschrift oder E-Mail-Adresse) ist damit nicht verbunden. Wenn personenbezogene Daten erhoben werden, geschieht dies &#8211; soweit m\u00f6glich &#8211; nur mit der vorherigen Zustimmung des Nutzers der Website. Die Daten werden nicht ohne die ausdr\u00fcckliche Zustimmung des Nutzers an Dritte weitergegeben. Ich weise ausdr\u00fccklich darauf hin, dass die Daten\u00fcbertragung im Internet (z.B. bei der Kommunikation per E-Mail) Sicherheitsl\u00fccken aufweisen kann. Ein vollst\u00e4ndiger Schutz der Daten vor dem Zugriff durch Dritte kann nicht gew\u00e4hrleistet werden. F\u00fcr Sch\u00e4den, die durch solche Sicherheitsl\u00fccken entstehen, kann ich keine Haftung \u00fcbernehmen. Der Nutzung von ver\u00f6ffentlichten Kontaktdaten durch Dritte zu Werbezwecken wird ausdr\u00fccklich widersprochen. Ich behalte mir rechtliche Schritte im Falle der unverlangten Zusendung von Werbeinformationen, z.B. durch Spam-Mails, vor.<\/p>\n\t\t\t\t\t\t\t\t<\/div>\n\t\t\t\t<\/div>\n\t\t\t\t<div class=\"elementor-element elementor-element-12df3dc elementor-widget elementor-widget-heading\" data-id=\"12df3dc\" data-element_type=\"widget\" data-e-type=\"widget\" data-widget_type=\"heading.default\">\n\t\t\t\t<div class=\"elementor-widget-container\">\n\t\t\t\t\t<h3 class=\"elementor-heading-title elementor-size-default\">Cookies<\/h3>\t\t\t\t<\/div>\n\t\t\t\t<\/div>\n\t\t\t\t<div class=\"elementor-element elementor-element-e7956b9 elementor-widget elementor-widget-text-editor\" data-id=\"e7956b9\" data-element_type=\"widget\" data-e-type=\"widget\" data-widget_type=\"text-editor.default\">\n\t\t\t\t<div class=\"elementor-widget-container\">\n\t\t\t\t\t\t\t\t\t<p style=\"font-weight: 400;\">Diese Website verwendet sogenannte Cookies. Cookies sind Textdateien, die es mir erm\u00f6glichen, Ihren Besuch auf meiner Website angenehmer zu gestalten. Meine Website verwendet haupts\u00e4chlich &#8222;Sitzungscookies&#8220;, die nicht auf Ihrer Festplatte gespeichert werden und gel\u00f6scht werden, wenn Sie Ihren Browser schlie\u00dfen oder \u00fcber einen l\u00e4ngeren Zeitraum hinweg nicht aktiv sind. \u00dcber die Einstellungen Ihres Internet-Browsers k\u00f6nnen Sie die auf Ihrem Computer gespeicherten Cookies einsehen und l\u00f6schen sowie den Umgang mit Cookies im Allgemeinen steuern.<\/p>\n\t\t\t\t\t\t\t\t<\/div>\n\t\t\t\t<\/div>\n\t\t\t\t<div class=\"elementor-element elementor-element-0527246 elementor-widget elementor-widget-heading\" data-id=\"0527246\" data-element_type=\"widget\" data-e-type=\"widget\" data-widget_type=\"heading.default\">\n\t\t\t\t<div class=\"elementor-widget-container\">\n\t\t\t\t\t<h3 class=\"elementor-heading-title elementor-size-default\">Google Analytics<\/h3>\t\t\t\t<\/div>\n\t\t\t\t<\/div>\n\t\t\t\t<div class=\"elementor-element elementor-element-8473804 elementor-widget elementor-widget-text-editor\" data-id=\"8473804\" data-element_type=\"widget\" data-e-type=\"widget\" data-widget_type=\"text-editor.default\">\n\t\t\t\t<div class=\"elementor-widget-container\">\n\t\t\t\t\t\t\t\t\t<p style=\"font-weight: 400;\">Diese Website benutzt Google Analytics, einen Webanalysedienst der Google Inc. (&#8222;Google&#8220;) &#8211; siehe ausf\u00fchrliche Datenschutzbestimmungen. Google Analytics verwendet ebenfalls Cookies, d. h. Textdateien, die auf Ihrem Computer gespeichert werden und die eine Analyse der Benutzung der Website durch Sie erm\u00f6glichen. Die durch den Cookie erzeugten Informationen \u00fcber Ihre Benutzung dieser Website (einschlie\u00dflich Ihrer IP-Adresse) wird an einen Server von Google in den USA \u00fcbertragen und dort gespeichert. Google wird diese Informationen benutzen, um Ihre Nutzung der Website auszuwerten, um Reports \u00fcber die Websiteaktivit\u00e4ten f\u00fcr die Websitebetreiber zusammenzustellen und um weitere mit der Websitenutzung und der Internetnutzung verbundene Dienstleistungen zu erbringen. Auch wird Google diese Informationen gegebenenfalls an Dritte \u00fcbertragen, sofern dies gesetzlich vorgeschrieben oder soweit Dritte diese Daten im Auftrag von Google verarbeiten. Ihre IP-Adresse wird nur anonymisiert gespeichert, so dass Ihre IP-Adresse nicht mit anderen Daten von Google in Verbindung gebracht werden kann.<\/p>\n<p style=\"font-weight: 400;\">Durch die Nutzung dieser Website erkl\u00e4ren Sie sich mit der Bearbeitung der \u00fcber Sie erhobenen Daten durch Google in der zuvor beschriebenen Art und Weise und zu dem zuvor benannten Zweck einverstanden. Sie k\u00f6nnen die Installation der Cookies durch eine entsprechende Einstellung Ihrer Browser Software verhindern; wir weisen Sie jedoch darauf hin, dass Sie in diesem Fall gegebenenfalls nicht s\u00e4mtliche Funktionen dieser Website voll umf\u00e4nglich nutzen k\u00f6nnen.<\/p>\n<p style=\"font-weight: 400;\">Google Analytics wird auch verwendet, um Daten aus AdWords zu statistischen Zwecken zu analysieren. Diese Funktion kann \u00fcber den Anzeigenvorgaben-Manager deaktiviert werden.<\/p>\n\t\t\t\t\t\t\t\t<\/div>\n\t\t\t\t<\/div>\n\t\t\t\t\t<\/div>\n\t\t\t\t<\/div>\n\t\t\t\t<\/div>\n\t\t","protected":false},"excerpt":{"rendered":"<p>Impressum Alexander Weiskopf Karl Hofmann-Stra\u00dfe 5 A-9900 Lienz Telefon: +43 664 1643850 E-Mail: hello@alexanderweiskopf.com Haftungsbeschr\u00e4nkung f\u00fcr eigene Inhalte Alle Inhalte auf meiner Website wurden mit Sorgfalt und nach bestem Wissen und Gewissen erstellt. Es kann jedoch keine Garantie f\u00fcr die Aktualit\u00e4t, Vollst\u00e4ndigkeit und Richtigkeit aller Seiten \u00fcbernommen werden. Gem\u00e4\u00df \u00a7 7 Abs.. 1 TMG bin [&hellip;]<\/p>\n","protected":false},"author":2,"featured_media":0,"parent":0,"menu_order":0,"comment_status":"closed","ping_status":"closed","template":"","meta":{"om_disable_all_campaigns":false,"_uag_custom_page_level_css":"","site-sidebar-layout":"no-sidebar","site-content-layout":"page-builder","ast-site-content-layout":"full-width-container","site-content-style":"default","site-sidebar-style":"default","ast-global-header-display":"","ast-banner-title-visibility":"","ast-main-header-display":"","ast-hfb-above-header-display":"","ast-hfb-below-header-display":"","ast-hfb-mobile-header-display":"","site-post-title":"disabled","ast-breadcrumbs-content":"","ast-featured-img":"disabled","footer-sml-layout":"","ast-disable-related-posts":"","theme-transparent-header-meta":"","adv-header-id-meta":"","stick-header-meta":"","header-above-stick-meta":"","header-main-stick-meta":"","header-below-stick-meta":"","astra-migrate-meta-layouts":"default","ast-page-background-enabled":"default","ast-page-background-meta":{"desktop":{"background-color":"","background-image":"","background-repeat":"repeat","background-position":"center center","background-size":"auto","background-attachment":"scroll","background-type":"","background-media":"","overlay-type":"","overlay-color":"","overlay-opacity":"","overlay-gradient":""},"tablet":{"background-color":"","background-image":"","background-repeat":"repeat","background-position":"center center","background-size":"auto","background-attachment":"scroll","background-type":"","background-media":"","overlay-type":"","overlay-color":"","overlay-opacity":"","overlay-gradient":""},"mobile":{"background-color":"","background-image":"","background-repeat":"repeat","background-position":"center center","background-size":"auto","background-attachment":"scroll","background-type":"","background-media":"","overlay-type":"","overlay-color":"","overlay-opacity":"","overlay-gradient":""}},"ast-content-background-meta":{"desktop":{"background-color":"var(--ast-global-color-5)","background-image":"","background-repeat":"repeat","background-position":"center center","background-size":"auto","background-attachment":"scroll","background-type":"","background-media":"","overlay-type":"","overlay-color":"","overlay-opacity":"","overlay-gradient":""},"tablet":{"background-color":"var(--ast-global-color-5)","background-image":"","background-repeat":"repeat","background-position":"center center","background-size":"auto","background-attachment":"scroll","background-type":"","background-media":"","overlay-type":"","overlay-color":"","overlay-opacity":"","overlay-gradient":""},"mobile":{"background-color":"var(--ast-global-color-5)","background-image":"","background-repeat":"repeat","background-position":"center center","background-size":"auto","background-attachment":"scroll","background-type":"","background-media":"","overlay-type":"","overlay-color":"","overlay-opacity":"","overlay-gradient":""}},"footnotes":""},"class_list":["post-4220","page","type-page","status-publish","hentry"],"uagb_featured_image_src":{"full":false,"thumbnail":false,"medium":false,"medium_large":false,"large":false,"1536x1536":false,"2048x2048":false},"uagb_author_info":{"display_name":"alexander","author_link":"https:\/\/alexanderweiskopf.com\/de\/author\/alexander\/"},"uagb_comment_info":0,"uagb_excerpt":"Impressum Alexander Weiskopf Karl Hofmann-Stra\u00dfe 5 A-9900 Lienz Telefon: +43 664 1643850 E-Mail: hello@alexanderweiskopf.com Haftungsbeschr\u00e4nkung f\u00fcr eigene Inhalte Alle Inhalte auf meiner Website wurden mit Sorgfalt und nach bestem Wissen und Gewissen erstellt. Es kann jedoch keine Garantie f\u00fcr die Aktualit\u00e4t, Vollst\u00e4ndigkeit und Richtigkeit aller Seiten \u00fcbernommen werden. Gem\u00e4\u00df \u00a7 7 Abs.. 1 TMG bin&hellip;","_links":{"self":[{"href":"https:\/\/alexanderweiskopf.com\/de\/wp-json\/wp\/v2\/pages\/4220","targetHints":{"allow":["GET"]}}],"collection":[{"href":"https:\/\/alexanderweiskopf.com\/de\/wp-json\/wp\/v2\/pages"}],"about":[{"href":"https:\/\/alexanderweiskopf.com\/de\/wp-json\/wp\/v2\/types\/page"}],"author":[{"embeddable":true,"href":"https:\/\/alexanderweiskopf.com\/de\/wp-json\/wp\/v2\/users\/2"}],"replies":[{"embeddable":true,"href":"https:\/\/alexanderweiskopf.com\/de\/wp-json\/wp\/v2\/comments?post=4220"}],"version-history":[{"count":0,"href":"https:\/\/alexanderweiskopf.com\/de\/wp-json\/wp\/v2\/pages\/4220\/revisions"}],"wp:attachment":[{"href":"https:\/\/alexanderweiskopf.com\/de\/wp-json\/wp\/v2\/media?parent=4220"}],"curies":[{"name":"wp","href":"https:\/\/api.w.org\/{rel}","templated":true}]}}